{"id":2,"date":"2009-12-22T03:32:08","date_gmt":"2009-12-22T03:32:08","guid":{"rendered":"http:\/\/freidling.de\/wordpress\/?page_id=2"},"modified":"2013-03-06T17:50:48","modified_gmt":"2013-03-06T16:50:48","slug":"eine-seite","status":"publish","type":"page","link":"http:\/\/freidling.de\/wordpress\/?page_id=2","title":{"rendered":"Bike -Tour Ostern 2010"},"content":{"rendered":"<p>Unsere Bike-Tour 2010 beginnt am 31.03.2010 in Los Angeles (Disneyland) von dort geht es nach Las Vegas, ein Flug durch den Grand Canyon, durch diverse Nationalparks nach Sonoita zum Reiten und dann wieder zur\u00fcck nach L.A. in die\u00a0 Universalstudios.<br \/>\nSie sollte am 17.04. enden.<br \/>\nDoch wie so oft spielt einem das Leben einen Streich. Hie war es der Vulkanausbruch in Island, der die Reise um neun Tage verl\u00e4ngerte. Also ging es weiter an der Pazifikk\u00fcste nordw\u00e4rts bis San Francisco, dann wieder zur\u00fcck durchs Death Valley, vorbei an Scotty&#8217;s Castle und dem Ubehebe Crater.<br \/>\n<a href=\"http:\/\/freidling.de\/wordpress\/?cat=4\" title=\"Bike-Tour Ostern 2010\">Zum Blog<\/a><\/p>\n<div class=\"pdf24Plugin-cp\"> \t<form name=\"pdf24Form0\" method=\"post\" action=\"https:\/\/doc2pdf.pdf24.org\/wordpress.php\" target=\"pdf24PopWin\" onsubmit=\"var pdf24Win = window.open('about:blank', 'pdf24PopWin', 'resizable=yes,scrollbars=yes,width=600,height=250,left='+(screen.width\/2-300)+',top='+(screen.height\/3-125)+''); pdf24Win.focus(); if(typeof pdf24OnCreatePDF === 'function'){void(pdf24OnCreatePDF(this,pdf24Win));}\"> \t\t<input type=\"hidden\" name=\"blogCharset\" value=\"Cw1x07UAAA==\" \/><input type=\"hidden\" name=\"blogPosts\" value=\"MwQA\" \/><input type=\"hidden\" name=\"blogUrl\" value=\"yygpKbDS108rSs1MycnMS9dLSdUvzy9KKShKLS4GAA==\" \/><input type=\"hidden\" name=\"blogName\" value=\"C0rNLE7NAwA=\" \/><input type=\"hidden\" name=\"blogValueEncoding\" value=\"gzdeflate base64\" \/><input type=\"hidden\" name=\"postId_0\" value=\"MwIA\" \/><input type=\"hidden\" name=\"postTitle_0\" value=\"c8rMTlXQDckvLVLwLy5JLcpTMDIwNAAA\" \/><input type=\"hidden\" name=\"postLink_0\" value=\"yygpKbDS108rSs1MycnMS9dLSdUvzy9KKShKLS7Wty9ITE+Nz0yxNQIA\" \/><input type=\"hidden\" name=\"postAuthor_0\" value=\"S0zJzcwDAA==\" \/><input type=\"hidden\" name=\"postDateTime_0\" value=\"MzIwsNQ1NNI1MlIwMLYyNLIysAAA\" \/><input type=\"hidden\" name=\"postContent_0\" value=\"bZLBbtNAEIbvfYpRkBBIwU7aSkWQBKWNCpUiQLjJgdvYO7FX3sxaO+ta6dNw6GP0RF6MsWnEhePuzPz7\/9\/srFlsWCgQXNua3t37NsD5ZDqBnErLHAH3cDFNJhfJcGsZ1l5gySU5EnizssJ0cMjmLTx4BuNDhJKqCFplLCpYo8CWSpQxkE7furYE0watGGL4HHQUbpAPnsene\/tAQQi+YrSe0TUY6hexzLO3EeGx3cMPslEVWp03yAydJUNBS+H4XNQvjyfLpPdsLP3+BRselNFJbI31kszyAOniLLME4p2L1KedXiWTywSI1d+pY+VVrBvawO8iSGPJxT4Q7fV1gTXl6qU\/M2QxkC2qBL7oQIehR9E727auRsZW8tCqnNq6k57ceKiqxT6S5tZsTC3DPZYEatgdnxR3iJTA0qkB3UvZa3Y9gADIw\/x3fLQ7W9fHZ9Ec7IPpjk8hCuRWINOmW0VdWCn8+L+8BvYCK8JYwRado8NYVxpysv0TWeFjPLx+9f58evVRdGMSHf2Frwg2OVVKAG4CqqUTtRlCFWg3H1UxNh\/SdKdcjFP3iaG0U4dNIJH0U4FxfjmCaFVyPvr3D79pksDDdxwtfiqWa+fLWYqLWdoszv4A\" \/> \t\t<a href=\"https:\/\/www.pdf24.org\" target=\"_blank\" title=\"www.pdf24.org\"><img src=\"http:\/\/freidling.de\/wordpress\/wp-content\/plugins\/pdf24-post-to-pdf\/img\/sheep_32x32.png\" alt=\"www.pdf24.org\" border=\"0\" height=\"32\" \/><\/a> \t\t<span class=\"pdf24Plugin-cp-space\">&nbsp;&nbsp;<\/span> \t\t<span class=\"pdf24Plugin-cp-text\">Sende Artikel als PDF<\/span> \t\t<span class=\"pdf24Plugin-cp-space\">&nbsp;&nbsp;<\/span> \t\t<input class=\"pdf24Plugin-cp-input\" style=\"margin: 0px;\" type=\"text\" name=\"sendEmailTo\" placeholder=\"Emailadresse\" \/> \t\t<input class=\"pdf24Plugin-cp-submit\" style=\"margin: 0px;\" type=\"submit\" value=\"Senden\" \/> \t<\/form> <\/div>","protected":false},"excerpt":{"rendered":"<p>Unsere Bike-Tour 2010 beginnt am 31.03.2010 in Los Angeles (Disneyland) von dort geht es nach Las Vegas, ein Flug durch den Grand Canyon, durch diverse Nationalparks nach Sonoita zum Reiten und dann wieder zur\u00fcck nach L.A. in die\u00a0 Universalstudios. Sie &hellip; <a href=\"http:\/\/freidling.de\/wordpress\/?page_id=2\">Weiterlesen <span class=\"meta-nav\">&rarr;<\/span><\/a><\/p>\n","protected":false},"author":1,"featured_media":0,"parent":0,"menu_order":0,"comment_status":"open","ping_status":"open","template":"","meta":{"ngg_post_thumbnail":0,"footnotes":""},"_links":{"self":[{"href":"http:\/\/freidling.de\/wordpress\/index.php?rest_route=\/wp\/v2\/pages\/2"}],"collection":[{"href":"http:\/\/freidling.de\/wordpress\/index.php?rest_route=\/wp\/v2\/pages"}],"about":[{"href":"http:\/\/freidling.de\/wordpress\/index.php?rest_route=\/wp\/v2\/types\/page"}],"author":[{"embeddable":true,"href":"http:\/\/freidling.de\/wordpress\/index.php?rest_route=\/wp\/v2\/users\/1"}],"replies":[{"embeddable":true,"href":"http:\/\/freidling.de\/wordpress\/index.php?rest_route=%2Fwp%2Fv2%2Fcomments&post=2"}],"version-history":[{"count":5,"href":"http:\/\/freidling.de\/wordpress\/index.php?rest_route=\/wp\/v2\/pages\/2\/revisions"}],"predecessor-version":[{"id":15,"href":"http:\/\/freidling.de\/wordpress\/index.php?rest_route=\/wp\/v2\/pages\/2\/revisions\/15"}],"wp:attachment":[{"href":"http:\/\/freidling.de\/wordpress\/index.php?rest_route=%2Fwp%2Fv2%2Fmedia&parent=2"}],"curies":[{"name":"wp","href":"https:\/\/api.w.org\/{rel}","templated":true}]}}